{"id":81,"date":"2016-09-28T16:26:55","date_gmt":"2016-09-28T14:26:55","guid":{"rendered":"https:\/\/shop.astroportal.com\/?post_type=product&#038;p=81"},"modified":"2024-05-30T22:20:33","modified_gmt":"2024-05-30T20:20:33","slug":"astrologie-geschenk-kinderhoroskop","status":"publish","type":"product","link":"https:\/\/www.astroportal.com\/shop\/produkt\/astrologie-geschenk-kinderhoroskop\/","title":{"rendered":"Kinderhoroskop als Geschenk"},"content":{"rendered":"<p><strong>Dass liebevolle Geschenk f\u00fcr junge Eltern: Kinderhoroskop von Star-Astrologe Erich Bauer in formsch\u00f6ner Geschenksverpackung + Gl\u00fccksstein inkl. Videobotschaft<\/strong><\/p>\n<p>Ist Ihr Kind selbstbewusst und hat eine starke Pers\u00f6nlichkeit? Oder l\u00e4sst es sich schnell von anderen Kindern unterdr\u00fccken und ist kein Kind, das gerne Streiche ausheckt? Finden Sie mit dem Kinder-Horoskop von Erich Bauer heraus, wie Ihr Kind wirklich ist &#8211; denn das Sternzeichen verr\u00e4t sehr viel \u00fcber die Pers\u00f6nlichkeit und das Verhalten Ihres Kindes.<br \/>\nDas Kinderhoroskop ist ein magischer Schl\u00fcssel zum Wesen eines Kindes. Nat\u00fcrlich ist das Horoskop an das Kind gerichtet, aber bestimmt ist es f\u00fcr die Eltern, damit sie eine Vorstellung haben, welch wundervolles Potenzial in einem Kind steckt. <strong>Das Horoskop kommt in formsch\u00f6ner Geschenkverpackung, inkl. Gl\u00fccks-Stein, der dem jungen Individuum angepasst ist.<\/strong> In Indien legt man den passenden Geburtsstein unter die Matratze des Neugeborenen und glaubt sicher, dass der Stein das Kind sch\u00fctzt.<\/p>\n<p><strong>Das <\/strong><strong>Kinderhoroskop ist gebunden und befindet sich in einem kartonierten, farbigen Umschlag. Ca. 30 Seiten DIN A4.<br \/>\nPLUS Gl\u00fccksstein<br \/>\nPLUS personalisierte Videobotschaft<br \/>\nINKL. Versandgeb\u00fchr.<\/strong><\/p>\n","protected":false},"excerpt":{"rendered":"<p>Das liebevolle Geschenk f\u00fcr frischgebackene Eltern: Kinderhoroskop von Star-Astrologe Erich Bauer + Gl\u00fccksstein + Videobotschaft<\/p>\n","protected":false},"featured_media":5869,"comment_status":"open","ping_status":"closed","template":"","meta":{"inline_featured_image":false},"product_cat":[13],"product_tag":[25,27,9,22],"class_list":["post-81","product","type-product","status-publish","has-post-thumbnail","hentry","product_cat-geschenke","product_tag-horoskop","product_tag-kinder","product_tag-personal","product_tag-persoenlich"],"_links":{"self":[{"href":"https:\/\/www.astroportal.com\/shop\/wp-json\/wp\/v2\/product\/81","targetHints":{"allow":["GET"]}}],"collection":[{"href":"https:\/\/www.astroportal.com\/shop\/wp-json\/wp\/v2\/product"}],"about":[{"href":"https:\/\/www.astroportal.com\/shop\/wp-json\/wp\/v2\/types\/product"}],"replies":[{"embeddable":true,"href":"https:\/\/www.astroportal.com\/shop\/wp-json\/wp\/v2\/comments?post=81"}],"wp:featuredmedia":[{"embeddable":true,"href":"https:\/\/www.astroportal.com\/shop\/wp-json\/wp\/v2\/media\/5869"}],"wp:attachment":[{"href":"https:\/\/www.astroportal.com\/shop\/wp-json\/wp\/v2\/media?parent=81"}],"wp:term":[{"taxonomy":"product_cat","embeddable":true,"href":"https:\/\/www.astroportal.com\/shop\/wp-json\/wp\/v2\/product_cat?post=81"},{"taxonomy":"product_tag","embeddable":true,"href":"https:\/\/www.astroportal.com\/shop\/wp-json\/wp\/v2\/product_tag?post=81"}],"curies":[{"name":"wp","href":"https:\/\/api.w.org\/{rel}","templated":true}]}}