{"id":79,"date":"2016-09-28T16:24:34","date_gmt":"2016-09-28T14:24:34","guid":{"rendered":"https:\/\/shop.astroportal.com\/?post_type=product&#038;p=79"},"modified":"2024-05-30T22:04:11","modified_gmt":"2024-05-30T20:04:11","slug":"astrogeschenk-hochzeitshoroskop","status":"publish","type":"product","link":"https:\/\/www.astroportal.com\/shop\/produkt\/astrogeschenk-hochzeitshoroskop\/","title":{"rendered":"Hochzeitshoroskop als Geschenk"},"content":{"rendered":"<p><strong>Astrologie Geschenk: Hochzeitshoroskop von Star-Astrologe Erich Bauer als Geschenk verpackt +\u00a0zwei Amulette + Videogru\u00df<\/strong><\/p>\n<p>Wie stehen die Sterne, was bringt die gemeinsame Zukunft? Worauf sollte man besonders achten? Diese Grundfragen jeder Ehe beantwortet Star-Astrologe Erich Bauer.<\/p>\n<p>&nbsp;<\/p>\n<p>Ein Hochzeitshoroskop besiegelt eine Ehe auch aus der Sicht der Sterne. Es bezieht das Geburtshoroskop der Frau auf und das Geburtshoroskop\u00a0des Mannes. Es ist eine <strong>kosmische Sicht der Beziehung<\/strong>: Was gebe ich dir, und was schenkst du mir? Es ist ein einmaliges und einzigartiges Buch, denn es wird nur f\u00fcr zwei Menschen, verfasst. Die Texte sind das Ergebnis eines uralten Kultes, aus der Position der Sterne bei der Geburt auf den Lebensweg eines Menschen zu schlie\u00dfen und dann zwei Lebenswege miteinander zu verbinden. Sie sind voller Weisheiten. F\u00fcr vieles, was man schon wei\u00df, erh\u00e4lt man eine Best\u00e4tigung, und vieles ist ganz neu. Das Buch mit allen Tipps und Hinweisen f\u00fcr eine gl\u00fcckliche Ehe.<\/p>\n<p>&nbsp;<\/p>\n<p><strong>Zum Hochzeitshoroskop geh\u00f6ren:<\/strong><\/p>\n<ul>\n<li><strong>Das <\/strong><strong>Hochzeitshoroskop h\u00fcbsch gebunden per Post verschickt, ca. 35 Seiten DIN A4<\/strong><\/li>\n<li><strong>zwei Kraft-Amulette, abgestimmt auf die Personen<\/strong><\/li>\n<li><strong>inkl. personalisierten Videogru\u00df von Erich Bauer zur Hochzeit<\/strong><\/li>\n<li><strong>inkl. Versandgeb\u00fchren<\/strong><\/li>\n<\/ul>\n","protected":false},"excerpt":{"rendered":"<p>Das perfekte Geschenk zur Hochzeit: Hochzeitshoroskop von Star-Astrologe Erich Bauer inkl. Amulette + Videogru\u00df<\/p>\n","protected":false},"featured_media":5871,"comment_status":"open","ping_status":"closed","template":"","meta":{"inline_featured_image":false},"product_cat":[13],"product_tag":[17,23,26,25,15],"class_list":["post-79","product","type-product","status-publish","has-post-thumbnail","hentry","product_cat-geschenke","product_tag-amulett","product_tag-geschenk","product_tag-hochzeit","product_tag-horoskop","product_tag-partner"],"_links":{"self":[{"href":"https:\/\/www.astroportal.com\/shop\/wp-json\/wp\/v2\/product\/79","targetHints":{"allow":["GET"]}}],"collection":[{"href":"https:\/\/www.astroportal.com\/shop\/wp-json\/wp\/v2\/product"}],"about":[{"href":"https:\/\/www.astroportal.com\/shop\/wp-json\/wp\/v2\/types\/product"}],"replies":[{"embeddable":true,"href":"https:\/\/www.astroportal.com\/shop\/wp-json\/wp\/v2\/comments?post=79"}],"wp:featuredmedia":[{"embeddable":true,"href":"https:\/\/www.astroportal.com\/shop\/wp-json\/wp\/v2\/media\/5871"}],"wp:attachment":[{"href":"https:\/\/www.astroportal.com\/shop\/wp-json\/wp\/v2\/media?parent=79"}],"wp:term":[{"taxonomy":"product_cat","embeddable":true,"href":"https:\/\/www.astroportal.com\/shop\/wp-json\/wp\/v2\/product_cat?post=79"},{"taxonomy":"product_tag","embeddable":true,"href":"https:\/\/www.astroportal.com\/shop\/wp-json\/wp\/v2\/product_tag?post=79"}],"curies":[{"name":"wp","href":"https:\/\/api.w.org\/{rel}","templated":true}]}}