{"id":72,"date":"2016-09-28T16:05:14","date_gmt":"2016-09-28T14:05:14","guid":{"rendered":"https:\/\/shop.astroportal.com\/?post_type=product&#038;p=72"},"modified":"2023-08-23T12:51:52","modified_gmt":"2023-08-23T10:51:52","slug":"marsamulett-mars-und-ihr-persoenliches-gesundheitshoroskop","status":"publish","type":"product","link":"https:\/\/www.astroportal.com\/shop\/produkt\/marsamulett-mars-und-ihr-persoenliches-gesundheitshoroskop\/","title":{"rendered":"Marsamulett f\u00fcr M\u00e4nner + Gesundheitshoroskop"},"content":{"rendered":"<p><strong>Paket: Marsamulett \u2013 Mars und Ihr pers\u00f6nliches Gesundheitshoroskop erstellt von Star-Astrologe Erich Bauer<br \/>\n<\/strong><br \/>\nDas Zeichen Mars steht f\u00fcr Vitalit\u00e4t, Kraft, Gesundheit, Wohlergehen. Das Mars-Amulett soll Sie daran erinnern, in inniger Verbundenheit mit Ihrem K\u00f6rper zu sein. Wenn Sie dieses Amulett an Ihrem K\u00f6rper tragen, schenken Sie sich und Ihrer Gesundheit Aufmerksamkeit, die Ihr K\u00f6rper in Dankbarkeit und Liebe annehmen wird.<\/p>\n<p><strong><br \/>\nIhr pers\u00f6nliches Gesundheitshoroskop von Astrologe Erich Bauer<\/strong><\/p>\n<p>Seit \u00fcber 2000 Jahren existiert eine systematische astrologische Gesundheitslehre, und bis weit \u00fcber das Mittelalter hinaus bedienten sich die meisten \u00c4rzte dieser Systematik, um Krankheiten zu diagnostizieren und zu heilen. Ein guter Arzt war fr\u00fcher immer auch Astrologe. Erst im 19. und 20. Jahrhundert trennten sich Medizin und Astrologie. In j\u00fcngster Zeit allerdings beginnen immer mehr ganzheitlich denkende \u00c4rzte die Astrologie wieder mit einzubeziehen wenn es um Vorbeugung, Diagnose und Behandlung geht \u2013 und die Erfolge geben ihnen recht. Dieses Gesundheitshoroskop f\u00fcr jedes Sternzeichen wendet sich dem Thema Gesundheit anders zu als ein Arzt es tun w\u00fcrde. Dieser sieht das Leiden, die Krankheit, ahnt vielleicht den Schmerz \u2013 und versucht das \u00dcbel in den Griff zu bekommen, es zu beseitigen.<br \/>\nDas Gesundheitshoroskop f\u00fcr jedes Sternzeichen\u00a0betrachtet Krankheit in einem \u00fcbergeordneten Zusammenhang mit dem Sternzeichen: Nicht nur die Krankheit steht im Fokus des Interesses, sondern der ganze Mensch als Teil einer kosmischen\u00a0Ganzheit.<\/p>\n<p>&nbsp;<\/p>\n<p><strong>Das Gesundheitshoroskop besch\u00e4ftigt sich mit folgenden Themen:<\/strong><\/p>\n<ul>\n<li>Die Wirkung Ihres Sternzeichen auf meine Gesundheit<\/li>\n<li>Die Wirkung Ihres Mondzeichen auf meine Gesundheit<\/li>\n<li>Die Wirkung Ihres Aszendenten auf meine Gesundheit<\/li>\n<\/ul>\n","protected":false},"excerpt":{"rendered":"<p>Das Gl\u00fccksamulett st\u00e4rkt Ihre Liebeskraft und hilft Singles, den richtigen Partner zu finden.<\/p>\n","protected":false},"featured_media":73,"comment_status":"open","ping_status":"closed","template":"","meta":{"inline_featured_image":false},"product_cat":[8],"product_tag":[17,18,16,9,22],"class_list":["post-72","product","type-product","status-publish","has-post-thumbnail","hentry","product_cat-magie","product_tag-amulett","product_tag-gesundheitshoroskop","product_tag-mars","product_tag-personal","product_tag-persoenlich"],"_links":{"self":[{"href":"https:\/\/www.astroportal.com\/shop\/wp-json\/wp\/v2\/product\/72","targetHints":{"allow":["GET"]}}],"collection":[{"href":"https:\/\/www.astroportal.com\/shop\/wp-json\/wp\/v2\/product"}],"about":[{"href":"https:\/\/www.astroportal.com\/shop\/wp-json\/wp\/v2\/types\/product"}],"replies":[{"embeddable":true,"href":"https:\/\/www.astroportal.com\/shop\/wp-json\/wp\/v2\/comments?post=72"}],"wp:featuredmedia":[{"embeddable":true,"href":"https:\/\/www.astroportal.com\/shop\/wp-json\/wp\/v2\/media\/73"}],"wp:attachment":[{"href":"https:\/\/www.astroportal.com\/shop\/wp-json\/wp\/v2\/media?parent=72"}],"wp:term":[{"taxonomy":"product_cat","embeddable":true,"href":"https:\/\/www.astroportal.com\/shop\/wp-json\/wp\/v2\/product_cat?post=72"},{"taxonomy":"product_tag","embeddable":true,"href":"https:\/\/www.astroportal.com\/shop\/wp-json\/wp\/v2\/product_tag?post=72"}],"curies":[{"name":"wp","href":"https:\/\/api.w.org\/{rel}","templated":true}]}}