{"id":5799,"date":"2018-07-04T13:56:26","date_gmt":"2018-07-04T11:56:26","guid":{"rendered":"https:\/\/www.astroportal.com\/shop\/?post_type=product&#038;p=5799"},"modified":"2024-05-30T21:44:51","modified_gmt":"2024-05-30T19:44:51","slug":"frage-doch-den-meister-direkt","status":"publish","type":"product","link":"https:\/\/www.astroportal.com\/shop\/produkt\/frage-doch-den-meister-direkt\/","title":{"rendered":"Ihre wichtigste Frage pers\u00f6nlich beantwortet"},"content":{"rendered":"<p><strong>Die direkte Antwort auf Ihre wichtigste Frage: Pers\u00f6nlich beantwortet durch Star-Astrologe Erich Bauer<\/strong><\/p>\n<p>Sie stellen Ihre Frage, und Erich Bauer antwortet Ihnen m\u00fcndlich. Er bespricht exklusiv\u00a0f\u00fcr Sie eine Audio-Datei (anh\u00f6rbar \u00fcber jedes Smartphone oder Notebook oder\u00a0Tablet)<\/p>\n<p><strong>Wichtig: Die Kunst die richtigen Fragen zu stellen<\/strong><\/p>\n<p>Damit die Antwort qualitativ m\u00f6glichst gut ausfallen kann:<br \/>\nSie sollten Erich Bauer Ihre aktuelle Situation als Fragesteller bzw. Fragestellerin kurz schildern. Das dient zum\u00a0besseren Verst\u00e4ndnis der Frage. Die Antwort kann dementsprechend auch\u00a0Ihre Situation mitber\u00fccksichtigen.<\/p>\n<p><em>Schlechtes Beispiel: &#8222;Wie geht es in meinem Beruf weiter?&#8220;<\/em><br \/>\nDiese Frage ist zu allgemein um beantwortet werden zu k\u00f6nnen.<\/p>\n<p><strong>Gutes Beispiel:<\/strong> &#8222;Ich bin unzufrieden in meinem Job als \u2026 und m\u00f6chte mich beruflich ver\u00e4ndern. Wann ist daf\u00fcr die beste Zeit und in welchem Bereich habe ich die gr\u00f6\u00dften Chancen beruflich erfolgreich zu sein?<\/p>\n<p><em>Schlechtes Beispiel: &#8222;Bekomme ich bald einen Partner?&#8220;<\/em><br \/>\nDiese Frage ist zu allgemein, um beantwortet werden zu k\u00f6nnen.<\/p>\n<p><strong>Gutes Beispiel:<\/strong> \u201eIch bin jetzt alleine, nachdem mein Partner sich nach 12-j\u00e4hriger Partnerschaft von mir getrennt hat. Ich sehne mich nach einer neuen Partnerschaft und bin auch offen daf\u00fcr.<br \/>\nHabe ich Hoffnung auf eine neue Partnerschaft? Kann ich selbst etwas dazu beitragen \u2013 und\u00a0was? Wann sind die Chancen gut, dass sich diese Hoffnung erf\u00fcllt?\u201c<\/p>\n<p>Es kann zum Beispiel sein, dass Sie selbst \u00fcber M\u00f6glichkeiten verf\u00fcgen, die Sie nicht kennen,\u00a0die Ihnen aber Ihr Horoskop verraten kann. <strong>Erich Bauer versucht\u00a0Sie bei der Beantwortung Ihrer wichtigsten Frage zu unterst\u00fctzen<\/strong>.<\/p>\n<p>&nbsp;<\/p>\n","protected":false},"excerpt":{"rendered":"<p>Die pers\u00f6nliche Antwort auf\u00a0Ihre wichtigste Frage durch Star-Astrologe Erich Bauer.<\/p>\n","protected":false},"featured_media":5850,"comment_status":"open","ping_status":"closed","template":"","meta":{"inline_featured_image":false},"product_cat":[11],"product_tag":[],"class_list":["post-5799","product","type-product","status-publish","has-post-thumbnail","hentry","product_cat-direkterdraht"],"_links":{"self":[{"href":"https:\/\/www.astroportal.com\/shop\/wp-json\/wp\/v2\/product\/5799","targetHints":{"allow":["GET"]}}],"collection":[{"href":"https:\/\/www.astroportal.com\/shop\/wp-json\/wp\/v2\/product"}],"about":[{"href":"https:\/\/www.astroportal.com\/shop\/wp-json\/wp\/v2\/types\/product"}],"replies":[{"embeddable":true,"href":"https:\/\/www.astroportal.com\/shop\/wp-json\/wp\/v2\/comments?post=5799"}],"wp:featuredmedia":[{"embeddable":true,"href":"https:\/\/www.astroportal.com\/shop\/wp-json\/wp\/v2\/media\/5850"}],"wp:attachment":[{"href":"https:\/\/www.astroportal.com\/shop\/wp-json\/wp\/v2\/media?parent=5799"}],"wp:term":[{"taxonomy":"product_cat","embeddable":true,"href":"https:\/\/www.astroportal.com\/shop\/wp-json\/wp\/v2\/product_cat?post=5799"},{"taxonomy":"product_tag","embeddable":true,"href":"https:\/\/www.astroportal.com\/shop\/wp-json\/wp\/v2\/product_tag?post=5799"}],"curies":[{"name":"wp","href":"https:\/\/api.w.org\/{rel}","templated":true}]}}