{"id":3906,"date":"2017-10-14T21:04:06","date_gmt":"2017-10-14T19:04:06","guid":{"rendered":"https:\/\/www.astroportal.com\/shop\/?post_type=product&#038;p=3906"},"modified":"2024-05-30T22:32:12","modified_gmt":"2024-05-30T20:32:12","slug":"universalpaket-gold","status":"publish","type":"product","link":"https:\/\/www.astroportal.com\/shop\/produkt\/universalpaket-gold\/","title":{"rendered":"Universalpaket Gold"},"content":{"rendered":"<p>Die drei wichtigsten Horoskope inkl. Telefonberatung sowie Teilnahme an einem Seminar mit Star-Astrologe Erich Bauer f\u00fcr Sie als Spar-Paket:<\/p>\n<ol>\n<li><strong>Geburtshoroskop als PDF<\/strong><br \/>\nEntschl\u00fcsseln Sie ihre St\u00e4rken und Schw\u00e4chen, Tipps und Hinweise zum optimalen Einsatz f\u00fcr Beruf, Familie und Umfeld.<\/li>\n<li><strong>Karma Horoskop als PDF<\/strong><br \/>\nEntschl\u00fcsseln Sie Ihre Lebensaufgabe, den Auftrag Ihrer Ahnen.<\/li>\n<li><strong>Jahreshoroskop als PDF<\/strong><br \/>\nIhre pers\u00f6nliche Zukunftsvorschau f\u00fcr 12 Monate.<\/li>\n<li><strong>30 Minuten Telefongespr\u00e4ch mit Star-Astrologe Erich Bauer<\/strong><\/li>\n<li><strong>Seminar mit Erich Bauer: Karma l\u00f6sen oder Tarot lernen<\/strong><\/li>\n<\/ol>\n<p>Sparen Sie ca. 90 EUR durch dieses Paket: Dieses Paket kann nicht weiter rabattiert werden und soll als Einstiegsgeschenk in die Welt der Astrologie dienen.<\/p>\n","protected":false},"excerpt":{"rendered":"<p>3 Horoskope die jeder\u00a0besitzen sollte als PDF &#8211; PLUS &#8211; 30 Minuten Telefonat mit Erich Bauer &#8211; PLUS &#8211; Seminar pers\u00f6nlich mit Erich Bauer<\/p>\n","protected":false},"featured_media":5889,"comment_status":"open","ping_status":"closed","template":"","meta":{"inline_featured_image":false},"product_cat":[64],"product_tag":[63],"class_list":["post-3906","product","type-product","status-publish","has-post-thumbnail","hentry","product_cat-pakete","product_tag-yearly"],"_links":{"self":[{"href":"https:\/\/www.astroportal.com\/shop\/wp-json\/wp\/v2\/product\/3906","targetHints":{"allow":["GET"]}}],"collection":[{"href":"https:\/\/www.astroportal.com\/shop\/wp-json\/wp\/v2\/product"}],"about":[{"href":"https:\/\/www.astroportal.com\/shop\/wp-json\/wp\/v2\/types\/product"}],"replies":[{"embeddable":true,"href":"https:\/\/www.astroportal.com\/shop\/wp-json\/wp\/v2\/comments?post=3906"}],"wp:featuredmedia":[{"embeddable":true,"href":"https:\/\/www.astroportal.com\/shop\/wp-json\/wp\/v2\/media\/5889"}],"wp:attachment":[{"href":"https:\/\/www.astroportal.com\/shop\/wp-json\/wp\/v2\/media?parent=3906"}],"wp:term":[{"taxonomy":"product_cat","embeddable":true,"href":"https:\/\/www.astroportal.com\/shop\/wp-json\/wp\/v2\/product_cat?post=3906"},{"taxonomy":"product_tag","embeddable":true,"href":"https:\/\/www.astroportal.com\/shop\/wp-json\/wp\/v2\/product_tag?post=3906"}],"curies":[{"name":"wp","href":"https:\/\/api.w.org\/{rel}","templated":true}]}}