{"id":3905,"date":"2017-10-14T20:59:52","date_gmt":"2017-10-14T18:59:52","guid":{"rendered":"https:\/\/www.astroportal.com\/shop\/?post_type=product&#038;p=3905"},"modified":"2024-05-30T22:33:10","modified_gmt":"2024-05-30T20:33:10","slug":"universalpaket-silber","status":"publish","type":"product","link":"https:\/\/www.astroportal.com\/shop\/produkt\/universalpaket-silber\/","title":{"rendered":"Universalpaket Silber"},"content":{"rendered":"<p>Die drei wichtigsten Horoskope inkl. Telefonberatung durch Star-Astrologe Erich Bauer f\u00fcr Sie als Spar-Paket:<\/p>\n<ol>\n<li><strong>Geburtshoroskop als PDF<\/strong><br \/>\nEntschl\u00fcsseln Sie ihre St\u00e4rken und Schw\u00e4chen, Tipps und Hinweise zum optimalen Einsatz f\u00fcr Beruf, Familie und Umfeld.<\/li>\n<li><strong>Karma Horoskop als PDF<\/strong><br \/>\nEntschl\u00fcsseln Sie Ihre Lebensaufgabe, den Auftrag Ihrer Ahnen.<\/li>\n<li><strong>Jahreshoroskop als PDF<\/strong><br \/>\nIhre pers\u00f6nliche Zukunftsvorschau f\u00fcr 12 Monate.<\/li>\n<li><strong>PLUS: Ihre dringlichste Frage pers\u00f6nlich beantwortet durch Star-Astrologe Erich Bauer<\/strong><\/li>\n<\/ol>\n<p>Sparen Sie ca. 30 EUR(!) durch dieses Paket gegen\u00fcber dem Einzel-Kauf. Dieses Paket kann nicht weiter rabattiert werden und soll als Einstiegsgeschenk in die Welt der Astrologie inkl. direkter Antowort auf ihre dringlichste Frage durch Star-Astrologe Erich Bauer dienen. Die Antwort erfolgt als Audio-Datei (abspielbar mit herk\u00f6mmlichen digitalen Tonwiedergabe-Ger\u00e4ten wie Smartphones, Tablets, Notebooks etc.)<\/p>\n<p><strong>Die direkte Antwort auf Ihre dringlichste Frage pers\u00f6nlich durch Star-Astrologe Erich Bauer<\/strong><\/p>\n<p>Sie stellen Ihre Frage, und Erich Bauer antwortet Ihnen m\u00fcndlich. Er bespricht exklusiv\u00a0f\u00fcr Sie eine Audio-Datei (anh\u00f6rbar mit jedem nicht zu alten Smartphone oder Notebook oder\u00a0Tablet)<\/p>\n<p><strong>Wichtig: Die Kunst die richtigen Fragen zu stellen<\/strong><\/p>\n<p>Damit die Antwort qualitativ m\u00f6glichst gut ausfallen kann:<br \/>\nSie sollten Erich Bauer Ihre aktuelle Situation als Fragesteller bzw. Fragestellerin kurz schildern. Das dient zum\u00a0besseren Verst\u00e4ndnis der Frage. Die Antwort kann dementsprechend auch\u00a0Ihre Situation mitber\u00fccksichtigen.<\/p>\n<p><em>Schlechtes Beispiel: \u201eWie geht es in meinem Beruf weiter?\u201c<\/em><br \/>\nDiese Frage ist zu allgemein um beantwortet werden zu k\u00f6nnen.<\/p>\n<p><strong>Gutes Beispiel:<\/strong>\u00a0\u201eIch bin unzufrieden in meinem Job als \u2026 und m\u00f6chte mich beruflich ver\u00e4ndern. Wann ist daf\u00fcr die beste Zeit und in welchem Bereich habe ich die gr\u00f6\u00dften Chancen beruflich erfolgreich zu sein?<\/p>\n<p><em>Schlechtes Beispiel: \u201eBekomme ich bald einen Partner?\u201c<\/em><br \/>\nDiese Frage ist zu allgemein, um beantwortet werden zu k\u00f6nnen.<\/p>\n<p><strong>Gutes Beispiel:<\/strong>\u00a0 \u201eIch bin jetzt alleine, nachdem mein Partner sich nach 12-j\u00e4hriger Partnerschaft\u00a0von mir getrennt hat. Ich sehne mich nach einer neuen Partnerschaft und bin auch offen daf\u00fcr.<br \/>\nHabe ich Hoffnung auf eine neue Partnerschaft? Kann ich selbst etwas dazu beitragen \u2013 und\u00a0was? Wann sind die Chancen gut, dass sich diese Hoffnung erf\u00fcllt?\u201c<\/p>\n<p>Es kann zum Beispiel sein, dass Sie selbst \u00fcber M\u00f6glichkeiten verf\u00fcgen, die Sie nicht kennen,\u00a0die Ihnen aber Ihr Horoskop verraten kann.\u00a0<strong>Erich Bauer versucht\u00a0Sie bei der Beantwortung Ihrer wichtigsten Frage zu unterst\u00fctzen<\/strong>.<\/p>\n<p>&nbsp;<\/p>\n","protected":false},"excerpt":{"rendered":"<p>3 Horoskope die jeder\u00a0besitzen sollte als PDF plus pers\u00f6nliche Antwort auf Ihre wichtigste Frage als Spar-Paket.<\/p>\n","protected":false},"featured_media":3914,"comment_status":"open","ping_status":"closed","template":"","meta":{"inline_featured_image":false},"product_cat":[64],"product_tag":[63],"class_list":["post-3905","product","type-product","status-publish","has-post-thumbnail","hentry","product_cat-pakete","product_tag-yearly"],"_links":{"self":[{"href":"https:\/\/www.astroportal.com\/shop\/wp-json\/wp\/v2\/product\/3905","targetHints":{"allow":["GET"]}}],"collection":[{"href":"https:\/\/www.astroportal.com\/shop\/wp-json\/wp\/v2\/product"}],"about":[{"href":"https:\/\/www.astroportal.com\/shop\/wp-json\/wp\/v2\/types\/product"}],"replies":[{"embeddable":true,"href":"https:\/\/www.astroportal.com\/shop\/wp-json\/wp\/v2\/comments?post=3905"}],"wp:featuredmedia":[{"embeddable":true,"href":"https:\/\/www.astroportal.com\/shop\/wp-json\/wp\/v2\/media\/3914"}],"wp:attachment":[{"href":"https:\/\/www.astroportal.com\/shop\/wp-json\/wp\/v2\/media?parent=3905"}],"wp:term":[{"taxonomy":"product_cat","embeddable":true,"href":"https:\/\/www.astroportal.com\/shop\/wp-json\/wp\/v2\/product_cat?post=3905"},{"taxonomy":"product_tag","embeddable":true,"href":"https:\/\/www.astroportal.com\/shop\/wp-json\/wp\/v2\/product_tag?post=3905"}],"curies":[{"name":"wp","href":"https:\/\/api.w.org\/{rel}","templated":true}]}}