{"id":3904,"date":"2017-10-14T21:01:00","date_gmt":"2017-10-14T19:01:00","guid":{"rendered":"https:\/\/www.astroportal.com\/shop\/?post_type=product&#038;p=3904"},"modified":"2025-11-06T06:58:39","modified_gmt":"2025-11-06T05:58:39","slug":"universalpaket-bronze","status":"publish","type":"product","link":"https:\/\/www.astroportal.com\/shop\/produkt\/universalpaket-bronze\/","title":{"rendered":"Universalpaket Bronze als PDF"},"content":{"rendered":"<p>Die drei wichtigsten Horoskope f\u00fcr Sie als Spar-Paket:<\/p>\n<ol>\n<li><strong>Geburtshoroskop als PDF<\/strong><br \/>\nEntschl\u00fcsseln Sie ihre St\u00e4rken und Schw\u00e4chen, Tipps und Hinweise zum optimalen Einsatz f\u00fcr Beruf, Familie und Umfeld.<\/li>\n<li><strong>Karma Horoskop als PDF<\/strong><br \/>\nEntschl\u00fcsseln Sie Ihre Lebensaufgabe, den Auftrag Ihrer Ahnen.<\/li>\n<li><strong>Jahreshoroskop als PDF<\/strong><br \/>\nIhre pers\u00f6nliche Zukunftsvorschau f\u00fcr 12 Monate.<\/li>\n<\/ol>\n<p>Sparen Sie ca. 20 EUR(!) durch dieses Paket gegen\u00fcber dem Einzel-Kauf. Dieses Paket kann nicht weiter rabattiert werden und soll als Einstiegsgeschenk in die Welt der Astrologie dienen. Sie erhalten 3 Horoskope rasch als Email geliefert.<\/p>\n","protected":false},"excerpt":{"rendered":"<p>3 Horoskope die jeder\u00a0besitzen sollte als PDF:\u00a0Das beliebte Hammer-Angebot mit minus 20%<\/p>\n","protected":false},"featured_media":3909,"comment_status":"open","ping_status":"closed","template":"","meta":{"inline_featured_image":false},"product_cat":[64],"product_tag":[63],"class_list":["post-3904","product","type-product","status-publish","has-post-thumbnail","hentry","product_cat-pakete","product_tag-yearly"],"_links":{"self":[{"href":"https:\/\/www.astroportal.com\/shop\/wp-json\/wp\/v2\/product\/3904","targetHints":{"allow":["GET"]}}],"collection":[{"href":"https:\/\/www.astroportal.com\/shop\/wp-json\/wp\/v2\/product"}],"about":[{"href":"https:\/\/www.astroportal.com\/shop\/wp-json\/wp\/v2\/types\/product"}],"replies":[{"embeddable":true,"href":"https:\/\/www.astroportal.com\/shop\/wp-json\/wp\/v2\/comments?post=3904"}],"wp:featuredmedia":[{"embeddable":true,"href":"https:\/\/www.astroportal.com\/shop\/wp-json\/wp\/v2\/media\/3909"}],"wp:attachment":[{"href":"https:\/\/www.astroportal.com\/shop\/wp-json\/wp\/v2\/media?parent=3904"}],"wp:term":[{"taxonomy":"product_cat","embeddable":true,"href":"https:\/\/www.astroportal.com\/shop\/wp-json\/wp\/v2\/product_cat?post=3904"},{"taxonomy":"product_tag","embeddable":true,"href":"https:\/\/www.astroportal.com\/shop\/wp-json\/wp\/v2\/product_tag?post=3904"}],"curies":[{"name":"wp","href":"https:\/\/api.w.org\/{rel}","templated":true}]}}