{"id":14671,"date":"2019-11-15T17:28:19","date_gmt":"2019-11-15T16:28:19","guid":{"rendered":"https:\/\/www.astroportal.com\/shop\/?post_type=product&#038;p=14671"},"modified":"2024-07-01T21:03:13","modified_gmt":"2024-07-01T19:03:13","slug":"persoenlichkeitshoroskop","status":"publish","type":"product","link":"https:\/\/www.astroportal.com\/shop\/produkt\/persoenlichkeitshoroskop\/","title":{"rendered":"Pers\u00f6nlichkeitshoroskop"},"content":{"rendered":"<p>Das Pers\u00f6nlichkeits-Horoskop veranschaulicht Ihnen auf leicht verst\u00e4ndliche Weise, wie Sie \u201egestrickt\u201c sind: Was sind Ihre Anlagen, Talente, Neigungen und St\u00e4rken?<\/p>\n<p>Ihre Charakterz\u00fcge, Ihre potentiellen St\u00e4rken und Schw\u00e4chen und Ihre F\u00e4higkeiten &#8211; aus der Sicht der Astrologie wird auf ca. 20 Seiten kompakt beschrieben. Es basiert auf dem ihrem Geburtsdatum, der Geburtszeit und Ihrem Geburtsort und ist daher vollkommen einzigartig und individuell.<\/p>\n<p>Interpretiert werden f\u00fcr Sie Sonne, Mond, die Planeten und der Aszendent. Sie werden der Reihe nach entsprechend ihrer Anordnung in den H\u00e4usern Ihres Geburtshoroskops gedeutet und verst\u00e4ndlich erl\u00e4utert. Bei Sonne, Mond und dem Aszendenten werden au\u00dferdem noch die Zeichen erg\u00e4nzend zur Deutung hinzugezogen.<\/p>\n<p>Das Pers\u00f6nlichkeits-Horoskop eignet sich auch sehr gut zum Erlernen der Deutung von Einzelfaktoren (z.B. im Geburtshoroskop), da bewusst keine Synthese vorgenommen wird.<\/p>\n<p>Entweder f\u00fcr sich selbst, aber diese Analyse eignet sich auch gut als Geschenk.<\/p>\n","protected":false},"excerpt":{"rendered":"<p>Das Pers\u00f6nlichkeits-Horoskop veranschaulicht Ihnen auf leicht verst\u00e4ndliche Weise, wie Sie \u201egestrickt\u201c sind: Was sind Ihre Anlagen, Talente, Neigungen und St\u00e4rken?\u00a0Dies werden aus der Sicht der Astrologie auf ca. 20 Seiten kompakt und verst\u00e4ndlich beschrieben und gibt neue Einblicke in Ihr Ich.<\/p>\n","protected":false},"featured_media":14682,"comment_status":"open","ping_status":"closed","template":"","meta":{"inline_featured_image":false},"product_cat":[10],"product_tag":[9,22],"class_list":["post-14671","product","type-product","status-publish","has-post-thumbnail","hentry","product_cat-horoskope-pdf","product_tag-personal","product_tag-persoenlich"],"_links":{"self":[{"href":"https:\/\/www.astroportal.com\/shop\/wp-json\/wp\/v2\/product\/14671","targetHints":{"allow":["GET"]}}],"collection":[{"href":"https:\/\/www.astroportal.com\/shop\/wp-json\/wp\/v2\/product"}],"about":[{"href":"https:\/\/www.astroportal.com\/shop\/wp-json\/wp\/v2\/types\/product"}],"replies":[{"embeddable":true,"href":"https:\/\/www.astroportal.com\/shop\/wp-json\/wp\/v2\/comments?post=14671"}],"wp:featuredmedia":[{"embeddable":true,"href":"https:\/\/www.astroportal.com\/shop\/wp-json\/wp\/v2\/media\/14682"}],"wp:attachment":[{"href":"https:\/\/www.astroportal.com\/shop\/wp-json\/wp\/v2\/media?parent=14671"}],"wp:term":[{"taxonomy":"product_cat","embeddable":true,"href":"https:\/\/www.astroportal.com\/shop\/wp-json\/wp\/v2\/product_cat?post=14671"},{"taxonomy":"product_tag","embeddable":true,"href":"https:\/\/www.astroportal.com\/shop\/wp-json\/wp\/v2\/product_tag?post=14671"}],"curies":[{"name":"wp","href":"https:\/\/api.w.org\/{rel}","templated":true}]}}