{"id":123,"date":"2016-09-28T17:32:19","date_gmt":"2016-09-28T15:32:19","guid":{"rendered":"https:\/\/shop.astroportal.com\/?post_type=product&#038;p=123"},"modified":"2024-05-30T22:27:29","modified_gmt":"2024-05-30T20:27:29","slug":"ihr-persoenliches-gesundheitshoroskop-als-pdf-datei","status":"publish","type":"product","link":"https:\/\/www.astroportal.com\/shop\/produkt\/ihr-persoenliches-gesundheitshoroskop-als-pdf-datei\/","title":{"rendered":"Gesundheitshoroskop als PDF"},"content":{"rendered":"<p><strong>Ihr pers\u00f6nliches Gesundheitshoroskop erstellt von Star-Astrologe Erich Bauer<\/strong><\/p>\n<p>Seit \u00fcber 2000 Jahren existiert eine systematische astrologische Gesundheitslehre, und bis weit \u00fcber das Mittelalter hinaus bedienten sich die meisten \u00c4rzte dieser Systematik, um Krankheiten zu diagnostizieren und zu heilen. Ein guter Arzt war fr\u00fcher immer auch Astrologe. Erst im 19. und 20. Jahrhundert trennten sich Medizin und Astrologie. In j\u00fcngster Zeit allerdings beginnen immer mehr ganzheitlich denkende \u00c4rzte die Astrologie wieder mit einzubeziehen wenn es um Vorbeugung, Diagnose und Behandlung geht \u2013 und die Erfolge geben ihnen recht. Dieses Gesundheitshoroskop f\u00fcr Ihr Sternzeichen wendet sich dem Thema Gesundheit anders zu als ein Arzt es tun w\u00fcrde. Dieser sieht das Leiden, die Krankheit, ahnt vielleicht den Schmerz \u2013 und versucht das \u00dcbel in den Griff zu bekommen, es zu beseitigen.<br \/>\nDas Gesundheitshoroskop f\u00fcr Ihr Sternzeichen betrachtet Krankheit in einem \u00fcbergeordneten Zusammenhang: Nicht nur die Krankheit steht im Fokus des Interesses, sondern der ganze Mensch als Teil einer kosmischen Ganzheit.<\/p>\n<p>&nbsp;<\/p>\n<p><strong>Das Gesundheitshoroskop besch\u00e4ftigt sich mit folgenden Themen:<\/strong><\/p>\n<ul>\n<li>Die Wirkung Ihres <em>Sternzeichen<\/em> auf meine Gesundheit<\/li>\n<li>Die Wirkung Ihres <em>Mondzeichen<\/em> auf meine Gesundheit<\/li>\n<li>Die Wirkung Ihres <em>Aszendenten<\/em> auf meine Gesundheit<\/li>\n<\/ul>\n<p>&nbsp;<\/p>\n<p><strong>Das Gesundheitshoroskop f\u00fcr Ihr Sternzeichen als PDF-Datei.<br \/>\nCa. 30 Seiten DIN A4.<\/strong><\/p>\n","protected":false},"excerpt":{"rendered":"<p>Worauf sollte ich besonders achten? Wo liegen meine Schwachstellen? Wie kann ich vorbeugen und heilen? Was darf ich mir zumuten? Wertvolle Einblicke, die man kennen sollte.<\/p>\n<p>&nbsp;<\/p>\n","protected":false},"featured_media":5854,"comment_status":"open","ping_status":"closed","template":"","meta":{"inline_featured_image":false},"product_cat":[10],"product_tag":[57,18,25,34,9,22],"class_list":["post-123","product","type-product","status-publish","has-post-thumbnail","hentry","product_cat-horoskope-pdf","product_tag-gesundheit","product_tag-gesundheitshoroskop","product_tag-horoskop","product_tag-pdf","product_tag-personal","product_tag-persoenlich"],"_links":{"self":[{"href":"https:\/\/www.astroportal.com\/shop\/wp-json\/wp\/v2\/product\/123","targetHints":{"allow":["GET"]}}],"collection":[{"href":"https:\/\/www.astroportal.com\/shop\/wp-json\/wp\/v2\/product"}],"about":[{"href":"https:\/\/www.astroportal.com\/shop\/wp-json\/wp\/v2\/types\/product"}],"replies":[{"embeddable":true,"href":"https:\/\/www.astroportal.com\/shop\/wp-json\/wp\/v2\/comments?post=123"}],"wp:featuredmedia":[{"embeddable":true,"href":"https:\/\/www.astroportal.com\/shop\/wp-json\/wp\/v2\/media\/5854"}],"wp:attachment":[{"href":"https:\/\/www.astroportal.com\/shop\/wp-json\/wp\/v2\/media?parent=123"}],"wp:term":[{"taxonomy":"product_cat","embeddable":true,"href":"https:\/\/www.astroportal.com\/shop\/wp-json\/wp\/v2\/product_cat?post=123"},{"taxonomy":"product_tag","embeddable":true,"href":"https:\/\/www.astroportal.com\/shop\/wp-json\/wp\/v2\/product_tag?post=123"}],"curies":[{"name":"wp","href":"https:\/\/api.w.org\/{rel}","templated":true}]}}