{"id":121,"date":"2016-09-28T17:29:55","date_gmt":"2016-09-28T15:29:55","guid":{"rendered":"https:\/\/shop.astroportal.com\/?post_type=product&#038;p=121"},"modified":"2024-05-30T21:47:01","modified_gmt":"2024-05-30T19:47:01","slug":"ihr-berufshoroskop-als-pdf-datei","status":"publish","type":"product","link":"https:\/\/www.astroportal.com\/shop\/produkt\/ihr-berufshoroskop-als-pdf-datei\/","title":{"rendered":"Berufshoroskop als PDF"},"content":{"rendered":"<p><strong>Ihr pers\u00f6nliches Berufshoroskop erstellt von Star-Astrologe Erich Bauer<\/strong><br \/>\nEine der schwierigsten Fragen \u00fcberhaupt ist die nach dem richtigen Beruf. Wonach soll man sich richten? Woher wei\u00df man, was man kann &#8211; oder auch nicht kann? Kein Wunder, dass viele Menschen in ihrem Beruf ungl\u00fccklich und unerf\u00fcllt sind. Genauso wenig erstaunt es, dass viele Studenten nach einem oder zwei Semester ihr Studium wechseln, manchmal sogar mehrere Male hintereinander. Sicher, es gibt den Berufsberater. Ihn aufzusuchen stellt eine Hilfe dar. Aber auch \u00fcber die Besch\u00e4ftigung mit dem Geburtshoroskop lassen sich verbl\u00fcffende Antworten zu diesem Thema finden.<br \/>\nWer in seinem richtigen Beruf arbeitet, ist t\u00fcchtig, erfolgreich und hat obendrein auch noch mehr Spa\u00df. Dieses Berufshoroskop hilft Ihnen, mehr \u00fcber sich, Ihre Talente und Neigungen herauszufinden.<\/p>\n<p><strong><br \/>\nDie Analyse besch\u00e4ftigt sich mit folgenden Themen:<\/strong><\/p>\n<p>\u2013 Sternzeichen: Was kann ich?<br \/>\n\u2013 Der Aszendent: Was will ich?<br \/>\n\u2013 Handlung und Durchsetzung<br \/>\n\u2013 Interessen und Kommunikation<br \/>\n\u2013 Verantwortung und Leistung<br \/>\n\u2013 Der Beruf als Lebensaufgabe<br \/>\n\u2013 Zielvorstellungen<br \/>\n\u2013 W\u00fcnsche und Anforderungen an den Arbeitsplatz<\/p>\n<p><strong><br \/>\nDas Berufshoroskop als PDF-Datei.\u2028<\/strong><br \/>\n<strong>Ca. 35 Seiten DIN A4.<\/strong><\/p>\n<p>&nbsp;<\/p>\n<p>Beispiel\u00a0f\u00fcr ein Berufshoroskop:<br \/>\n<a href=\"https:\/\/shop.astroportal.com\/wp-content\/uploads\/2016\/09\/beruf_horoskop_demo.pdf\">beruf_horoskop_demo<\/a><\/p>\n","protected":false},"excerpt":{"rendered":"<p>Was kann ich besser als andere? Wovon sollte ich besser die Finger lassen? Die Grundlage f\u00fcr erfoglreiche Karriere-Entscheidungen.<\/p>\n","protected":false},"featured_media":5862,"comment_status":"open","ping_status":"closed","template":"","meta":{"inline_featured_image":false},"product_cat":[10],"product_tag":[55,56,25,34,9],"class_list":["post-121","product","type-product","status-publish","has-post-thumbnail","hentry","product_cat-horoskope-pdf","product_tag-beruf","product_tag-berufshoroskop","product_tag-horoskop","product_tag-pdf","product_tag-personal"],"_links":{"self":[{"href":"https:\/\/www.astroportal.com\/shop\/wp-json\/wp\/v2\/product\/121","targetHints":{"allow":["GET"]}}],"collection":[{"href":"https:\/\/www.astroportal.com\/shop\/wp-json\/wp\/v2\/product"}],"about":[{"href":"https:\/\/www.astroportal.com\/shop\/wp-json\/wp\/v2\/types\/product"}],"replies":[{"embeddable":true,"href":"https:\/\/www.astroportal.com\/shop\/wp-json\/wp\/v2\/comments?post=121"}],"wp:featuredmedia":[{"embeddable":true,"href":"https:\/\/www.astroportal.com\/shop\/wp-json\/wp\/v2\/media\/5862"}],"wp:attachment":[{"href":"https:\/\/www.astroportal.com\/shop\/wp-json\/wp\/v2\/media?parent=121"}],"wp:term":[{"taxonomy":"product_cat","embeddable":true,"href":"https:\/\/www.astroportal.com\/shop\/wp-json\/wp\/v2\/product_cat?post=121"},{"taxonomy":"product_tag","embeddable":true,"href":"https:\/\/www.astroportal.com\/shop\/wp-json\/wp\/v2\/product_tag?post=121"}],"curies":[{"name":"wp","href":"https:\/\/api.w.org\/{rel}","templated":true}]}}