{"id":11997,"date":"2019-09-07T12:00:15","date_gmt":"2019-09-07T10:00:15","guid":{"rendered":"https:\/\/www.astroportal.com\/shop\/?post_type=product&#038;p=11997"},"modified":"2025-09-24T03:30:35","modified_gmt":"2025-09-24T01:30:35","slug":"jahreshoroskop-premium","status":"publish","type":"product","link":"https:\/\/www.astroportal.com\/shop\/produkt\/jahreshoroskop-premium\/","title":{"rendered":"Jahreshoroskop Premium 2026 + Bonus"},"content":{"rendered":"<p>Ihre pers\u00f6nliche Zukunft enth\u00fcllt:<strong><br \/>\nJahreshoroskop 2026 Premium von Erich Bauer:<br \/>\nDas wohl detaillierteste Zukunfts-Horoskop Deutschlands<\/strong><\/p>\n<p>Es gibt wohl keine genauere Zukunftsprognose als das <em>Jahreshoroskop Premium:<\/em><\/p>\n<p><strong>Jeder Tag einzeln aufgeschl\u00fcsselt:<\/strong><\/p>\n<ul>\n<li><strong>F\u00fcr jeden Tag: Die besonderen jeweiligen Chancen und speziellen Herausforderungen<\/strong><\/li>\n<li><strong>F\u00fcr jeden Tag: Tipps f\u00fcr Vormittag, Nachmittag und Abend<\/strong><\/li>\n<\/ul>\n<p><strong>=&gt; Du hast es immer bei dir am Handy (als Internetlink oder PDF) &lt;=<\/strong><\/p>\n<p>Star-Astrologe Erich Bauer erstellt f\u00fcr Sie pers\u00f6nlich das wohl detaillierteste Leitsystem im deutschsprachigen Raum: Noch pers\u00f6nlicher, noch genauer geht es wohl nicht. Abrufbar ist dieser detaillierte Kompass online in Kalenderform oder als PDF.<\/p>\n<p>Es gibt im Moment wohl keinen besseren Planer f\u00fcr die Zukunft. Er begleitet Sie Tag f\u00fcr Tag durch ein ganzes Jahr! Inkl. pers\u00f6nlich f\u00fcr Sie erstellte Filmbotschaft von Erich Bauer.<\/p>\n<p><strong>Noch genauer und detaillierter geht es wohl nicht!<\/strong><\/p>\n<p>Bonus: Zum ganzen Jahr 2026 gibt es jetzt als Bonus die Restmonate von 2025 dazu geschenkt.<\/p>\n<p>&nbsp;<\/p>\n","protected":false},"excerpt":{"rendered":"<p><strong>Exklusiv nur hier: Das wohl detaillierteste Zukunftshoroskop Deutschlands von Star-Astrologe Erich Bauer:<\/strong><\/p>\n<ul>\n<li><strong>Jeder Tag einzeln<\/strong><\/li>\n<li><strong>Jeder Tag gegliedert in Vormittag, Nachmittag und Abend<\/strong><\/li>\n<li><strong>F\u00fcr jeden Tag die speziellen Chancen und Herausforderungen<\/strong><\/li>\n<\/ul>\n<p><strong>Noch genauer und detaillierter geht es wohl nicht!<\/strong><\/p>\n<p><strong>Immer mit dabei:<\/strong> Per geheimen Internet-Link und als PDF auch immer mit dabei am Handy.<\/p>\n","protected":false},"featured_media":26251,"comment_status":"open","ping_status":"closed","template":"","meta":{"inline_featured_image":false},"product_cat":[10],"product_tag":[47,63],"class_list":["post-11997","product","type-product","status-publish","has-post-thumbnail","hentry","product_cat-horoskope-pdf","product_tag-jahreshoroskop","product_tag-yearly"],"_links":{"self":[{"href":"https:\/\/www.astroportal.com\/shop\/wp-json\/wp\/v2\/product\/11997","targetHints":{"allow":["GET"]}}],"collection":[{"href":"https:\/\/www.astroportal.com\/shop\/wp-json\/wp\/v2\/product"}],"about":[{"href":"https:\/\/www.astroportal.com\/shop\/wp-json\/wp\/v2\/types\/product"}],"replies":[{"embeddable":true,"href":"https:\/\/www.astroportal.com\/shop\/wp-json\/wp\/v2\/comments?post=11997"}],"wp:featuredmedia":[{"embeddable":true,"href":"https:\/\/www.astroportal.com\/shop\/wp-json\/wp\/v2\/media\/26251"}],"wp:attachment":[{"href":"https:\/\/www.astroportal.com\/shop\/wp-json\/wp\/v2\/media?parent=11997"}],"wp:term":[{"taxonomy":"product_cat","embeddable":true,"href":"https:\/\/www.astroportal.com\/shop\/wp-json\/wp\/v2\/product_cat?post=11997"},{"taxonomy":"product_tag","embeddable":true,"href":"https:\/\/www.astroportal.com\/shop\/wp-json\/wp\/v2\/product_tag?post=11997"}],"curies":[{"name":"wp","href":"https:\/\/api.w.org\/{rel}","templated":true}]}}