{"id":116,"date":"2016-09-28T17:17:56","date_gmt":"2016-09-28T15:17:56","guid":{"rendered":"https:\/\/shop.astroportal.com\/?post_type=product&#038;p=116"},"modified":"2024-05-30T21:51:32","modified_gmt":"2024-05-30T19:51:32","slug":"ihr-geburtshoroskop-als-pdf-datei","status":"publish","type":"product","link":"https:\/\/www.astroportal.com\/shop\/produkt\/ihr-geburtshoroskop-als-pdf-datei\/","title":{"rendered":"Geburtshoroskop als PDF"},"content":{"rendered":"<p><strong>Ihr pers\u00f6nliches <\/strong><strong>Geburtshoroskop erstellt von Star-Astrologe Erich Bauer<\/strong><br \/>\nDas Geburtshoroskop ist ein Orakel und kein Kochbuch, keine simple Gebrauchsanweisung, auch kein Bauplan des Lebens oder eine mathematische Formel. Jedes Geburtshoroskop ist ein Geheimnis &#8211; und Geheimnisse offenbaren sich nur Menschen, die daf\u00fcr offen sind. Deswegen wird es nie gelingen, die Astrologie zu beweisen, genauso wenig wie es niemals m\u00f6glich sein wird, die Seele wissenschaftlich zu belegen.<br \/>\nDie Astrologie braucht auch diese Legitimation nicht. Sie stimmt einfach. Sie hilft einfach. Sie ist spannend. Sie schenkt ein Zuhause.<\/p>\n<p><strong>Die gro\u00dfe Pers\u00f6nlichkeitsanalyse (Geburtshoroskop) nimmt zu folgenden wichtigen Pers\u00f6nlichkeitsmerkmalen Stellung:<\/strong><br \/>\n\u2013 Mein Wesenskern<br \/>\n\u2013 Mein Wille<br \/>\n\u2013 Meine Gef\u00fchle<br \/>\n\u2013 Mein Temperament<br \/>\n\u2013 Meine Art zu denken und mit anderen zu kommunizieren<br \/>\n\u2013 Meine pers\u00f6nlichen Neigungen in der Liebe<br \/>\n\u2013 Mein Handeln und die Art und Weise, mich durchzusetzen<br \/>\n\u2013 Meine Anschauungen und Ideale und die Suche nach Sinn und Wahrheit<br \/>\n\u2013 Wie viel Struktur und Ordnung braucht mein Leben<br \/>\n\u2013 Wie viel Ver\u00e4nderung ist n\u00f6tig?<br \/>\n\u2013 Die Sehnsucht nach Erl\u00f6sung und Hingabe<br \/>\n\u2013 Mein innerster Kern<br \/>\n\u2013 Meine Lebensaufgabe<br \/>\n\u2013 Mein schw\u00e4chster Punkt<br \/>\n\u2013 Die Kraft meiner Seele<\/p>\n<p>Beispiel f\u00fcr ein Geburtshoroskop<br \/>\n<a href=\"https:\/\/shop.astroportal.com\/wp-content\/uploads\/2016\/09\/Geburtshoroskop-Demo.pdf\">geburtshoroskop-demo<\/a><\/p>\n<p>&nbsp;<\/p>\n<p><strong>Die Pers\u00f6nlichkeitsanalyse von Erich Bauer rasch bei Ihnen als PDF-Datei.<br \/>\nCa. 50 Seiten DIN A4.<\/strong><\/p>\n<p>Jetzt inkl. pers\u00f6nlich f\u00fcr Sie erstellte Filmbotschaft von Erich Bauer<\/p>\n","protected":false},"excerpt":{"rendered":"<p>Wer bin ich wirklich? Das Buch, das jeder Mensch lesen sollte, um sich selbst besser zu verstehen und\u00a0besser in der Welt zurecht zu kommen.<\/p>\n","protected":false},"featured_media":5853,"comment_status":"open","ping_status":"closed","template":"","meta":{"inline_featured_image":false},"product_cat":[10],"product_tag":[53,24,25,34,9,22],"class_list":["post-116","product","type-product","status-publish","has-post-thumbnail","hentry","product_cat-horoskope-pdf","product_tag-geburtshoroskop","product_tag-geburtstag","product_tag-horoskop","product_tag-pdf","product_tag-personal","product_tag-persoenlich"],"_links":{"self":[{"href":"https:\/\/www.astroportal.com\/shop\/wp-json\/wp\/v2\/product\/116","targetHints":{"allow":["GET"]}}],"collection":[{"href":"https:\/\/www.astroportal.com\/shop\/wp-json\/wp\/v2\/product"}],"about":[{"href":"https:\/\/www.astroportal.com\/shop\/wp-json\/wp\/v2\/types\/product"}],"replies":[{"embeddable":true,"href":"https:\/\/www.astroportal.com\/shop\/wp-json\/wp\/v2\/comments?post=116"}],"wp:featuredmedia":[{"embeddable":true,"href":"https:\/\/www.astroportal.com\/shop\/wp-json\/wp\/v2\/media\/5853"}],"wp:attachment":[{"href":"https:\/\/www.astroportal.com\/shop\/wp-json\/wp\/v2\/media?parent=116"}],"wp:term":[{"taxonomy":"product_cat","embeddable":true,"href":"https:\/\/www.astroportal.com\/shop\/wp-json\/wp\/v2\/product_cat?post=116"},{"taxonomy":"product_tag","embeddable":true,"href":"https:\/\/www.astroportal.com\/shop\/wp-json\/wp\/v2\/product_tag?post=116"}],"curies":[{"name":"wp","href":"https:\/\/api.w.org\/{rel}","templated":true}]}}