{"id":112,"date":"2016-09-28T17:12:19","date_gmt":"2016-09-28T15:12:19","guid":{"rendered":"https:\/\/shop.astroportal.com\/?post_type=product&#038;p=112"},"modified":"2024-09-06T05:27:04","modified_gmt":"2024-09-06T03:27:04","slug":"kinderhoroskop-als-pdf-datei-von-astrologe-erich-bauer","status":"publish","type":"product","link":"https:\/\/www.astroportal.com\/shop\/produkt\/kinderhoroskop-als-pdf-datei-von-astrologe-erich-bauer\/","title":{"rendered":"Kinderhoroskop als PDF"},"content":{"rendered":"<p><strong>Kinderhoroskop pers\u00f6nlich erstellt von Star-Astrologe Erich Bauer<\/strong><\/p>\n<p>Jetzt ist er also da, der neue Mensch, ein entz\u00fcckendes kleines Wesen. Was steckt nicht alles in ihm! Aber welche dieser vielen M\u00f6glichkeiten sollen die Eltern oder andere Bezugspersonen f\u00f6rdern? Was ist in ihm \u00fcberhaupt angelegt? Gibt es einen Plan, nach dem sich dieses Kind entwickelt? Kein anderes Medium ist so wissend wie die Astrologie, wenn es darum geht, den Charakter eines Kindes zu erahnen.<br \/>\nEin Kinderhoroskop weckt in erster Linie Verst\u00e4ndnis und Liebe f\u00fcr das Kind &#8211; und es macht aufmerksam auf seine Talente und Neigungen. Ein Horoskop \u00fcber Kinder, auch Neugeborene &#8211; nat\u00fcrlich f\u00fcr Erwachsene zum (vor)lesen. Mein Kind. Wer bist du. Das Wunder Mensch Ein Kind ist vielleicht die gr\u00f6\u00dfte Herausforderung \u00fcberhaupt. Wer ist da auf die Welt gekommen? Was kann es? Was nicht? Wie k\u00f6nnen es die Eltern f\u00f6rdern? Dieses Kinderhoroskop ist eine gro\u00dfe Hilfe. Es nimmt Erwachsene mit auf eine Entdeckungsreise, \u00f6ffnet ihre Augen und f\u00f6rdert die Liebe zu ihrem Kind. Damit ist es ein unentbehrlicher kleiner Ratgeber f\u00fcr eine bessere Zukunft.<\/p>\n<p>&nbsp;<\/p>\n<p><strong>Das Kinderhoroskop-Buch rasch \u00fcbermittelt digital als PDF-Datei. Ca. 30 Seiten DIN A4.<\/strong><\/p>\n<p>&nbsp;<\/p>\n<p>Jetzt inkl. pers\u00f6nlich f\u00fcr Sie erstellte Filmbotschaft von Erich Bauer<\/p>\n","protected":false},"excerpt":{"rendered":"<p>Ein unentbehrlicher Ratgeber f\u00fcr die sch\u00f6nste Zeit im Leben und eine bessere Zukunft. Auch ein herrliches Geschenk.<\/p>\n","protected":false},"featured_media":5856,"comment_status":"open","ping_status":"closed","template":"","meta":{"inline_featured_image":false},"product_cat":[10],"product_tag":[25,27,50,34,9,22],"class_list":["post-112","product","type-product","status-publish","has-post-thumbnail","hentry","product_cat-horoskope-pdf","product_tag-horoskop","product_tag-kinder","product_tag-kinderhoroskop","product_tag-pdf","product_tag-personal","product_tag-persoenlich"],"_links":{"self":[{"href":"https:\/\/www.astroportal.com\/shop\/wp-json\/wp\/v2\/product\/112","targetHints":{"allow":["GET"]}}],"collection":[{"href":"https:\/\/www.astroportal.com\/shop\/wp-json\/wp\/v2\/product"}],"about":[{"href":"https:\/\/www.astroportal.com\/shop\/wp-json\/wp\/v2\/types\/product"}],"replies":[{"embeddable":true,"href":"https:\/\/www.astroportal.com\/shop\/wp-json\/wp\/v2\/comments?post=112"}],"wp:featuredmedia":[{"embeddable":true,"href":"https:\/\/www.astroportal.com\/shop\/wp-json\/wp\/v2\/media\/5856"}],"wp:attachment":[{"href":"https:\/\/www.astroportal.com\/shop\/wp-json\/wp\/v2\/media?parent=112"}],"wp:term":[{"taxonomy":"product_cat","embeddable":true,"href":"https:\/\/www.astroportal.com\/shop\/wp-json\/wp\/v2\/product_cat?post=112"},{"taxonomy":"product_tag","embeddable":true,"href":"https:\/\/www.astroportal.com\/shop\/wp-json\/wp\/v2\/product_tag?post=112"}],"curies":[{"name":"wp","href":"https:\/\/api.w.org\/{rel}","templated":true}]}}