{"id":108,"date":"2016-09-28T17:07:37","date_gmt":"2016-09-28T15:07:37","guid":{"rendered":"https:\/\/shop.astroportal.com\/?post_type=product&#038;p=108"},"modified":"2019-11-06T11:05:16","modified_gmt":"2019-11-06T10:05:16","slug":"ihr-persoenliches-jahreshoroskop-als-pdf-datei-von-astrologe-erich-bauer","status":"publish","type":"product","link":"https:\/\/www.astroportal.com\/shop\/produkt\/ihr-persoenliches-jahreshoroskop-als-pdf-datei-von-astrologe-erich-bauer\/","title":{"rendered":"Jahreshoroskop: Zukunft f\u00fcr 12 Monate als PDF (Neu: in 5 Teilen)"},"content":{"rendered":"<p><strong>Ihr pers\u00f6nliches Horoskop f\u00fcr 12 Monate erstellt von Star-Astrologe Erich Bauer (Neu: in 5 Teilen)<\/strong><\/p>\n<p>Mit Hilfe der Sterne schaut Star-Astrologe Erich Bauer in Ihre Zukunft der kommenden 12 Monate. Er geht dabei von Ihrem Geburtshoroskop aus, also den Gestirnen zum Zeitpunkt Ihrer Geburt. Weil die Gestirne einer festen Logik folgen, ist es m\u00f6glich, Vorhersagen zu treffen, einen Blick in die Zukunft zu werfen.<\/p>\n<p>&#8211; Ihr pers\u00f6nliches Jahres-Horoskop (Zukunft f\u00fcr 12 Monate) im Umfang von ca. 40 Seiten als PDF-Datei<br \/>\n&#8211; Inkl. f\u00fcr Sie pers\u00f6nlich erstellte Film-Botschaft von Erich Bauer<\/p>\n<p>Ihre Zukunfts-Vorschau f\u00fcr 12 Monate in <strong><em>&gt;&gt; 5 Teilen &lt;&lt;<\/em><\/strong>:<\/p>\n<p><strong>Teil 1: Blick zuru\u0308ck in die Vergangenheit<\/strong><br \/>\nDie Astrologie sagt: \u201eDie Zukunft h\u00e4ngt immer auch von der Vergangenheit ab. Nur, wenn man sein Sternzeichen kennt, kann man in die Zukunft schauen\u201c. Daher zuerst ein Blick auf Ihr Sternzeichen.<\/p>\n<p><strong>Teil 2: Vorausschau Allgemein (Kurzfassung)<\/strong><br \/>\nDann folgt eine erste und allgemeine Vorausschau \u2013 ein \u00dcberblick und eine Einstimmung.<\/p>\n<p><strong>Teil 3: Zusammenfassende Vorschau f\u00fcr jeden Monat<\/strong><br \/>\nAnschlie\u00dfend nehmen wir uns jeden einzelnen Monat vor. Darauf lege ich besonderen Wert. Wenn Sie sich n\u00e4mlich jeweils zum Monatsanfang auf den Monat einstimmen, werden Sie ein Teil der Existenz, sind richtig eingestellt und erfahren F\u00f6rderung.<\/p>\n<p><strong>Teil 4: Detailliertere Vorschau pro Monat als Monatskurven<\/strong><br \/>\nDanach verdeutlicht er Ihnen Ihre Aussichten pro Monat in Form von Monatskurven: Auf einen Blick erkennen Sie, wann Sie aus astrologischer Sicht H\u00f6hepunkte fu\u0308r Liebe, Karriere und Gesundheit erwarten du\u0308rfen. Diese Kurven spiegeln Ihre Zukunft am pr\u00e4zisesten, denn fu\u0308r ihre Berechnung beru\u0308cksichtigt er nicht nur Ihr Sternzeichen, sondern auch Ihren Aszendenten und s\u00e4mtliche andere Sterne, den Mond, Merkur, Venus, Mars, Jupiter, Saturn, Uranus, Neptun und Pluto.<\/p>\n<p><strong>Teil 5: Hinweise und Spezial-Tipps<\/strong><br \/>\nZum Schluss m\u00f6chte er diejenigen unter Ihnen, die tiefer in die Materie der Astrologie einsteigen wollen, noch ein paar Profi-Hinweise und astrologische Spezial-Tipps fu\u0308r die kommenden zw\u00f6lf Monate verraten. Dazu geh\u00f6rt auch ein Ausdruck Ihres Kurz-Geburtshoroskops.<\/p>\n<p><strong>Jahreshoroskop (12 Monate Zukunftshoroskops) als PDF-Datei.<\/strong><br \/>\n<strong>Ca. 40 Seiten DIN A4.<\/strong><\/p>\n<p>Werfen Sie hier einen Blick auf ein beispielhaftes Jahreshoroskop: <a href=\"https:\/\/www.astroportal.com\/shop\/wp-content\/uploads\/2017\/11\/Mustermann-Jahreshoroskop.pdf\">Beispielhoroskop ansehen<\/a><\/p>\n","protected":false},"excerpt":{"rendered":"<p>Was erwartet mich in den n\u00e4chsten 365 Tagen? Meine Aussichten f\u00fcr Liebe, Karriere, Gesundheit.<\/p>\n","protected":false},"featured_media":5868,"comment_status":"open","ping_status":"closed","template":"","meta":{"inline_featured_image":false},"product_cat":[76],"product_tag":[48,47,34,22,63],"class_list":["post-108","product","type-product","status-publish","has-post-thumbnail","hentry","product_cat-uncategorized","product_tag-48","product_tag-jahreshoroskop","product_tag-pdf","product_tag-persoenlich","product_tag-yearly"],"_links":{"self":[{"href":"https:\/\/www.astroportal.com\/shop\/wp-json\/wp\/v2\/product\/108","targetHints":{"allow":["GET"]}}],"collection":[{"href":"https:\/\/www.astroportal.com\/shop\/wp-json\/wp\/v2\/product"}],"about":[{"href":"https:\/\/www.astroportal.com\/shop\/wp-json\/wp\/v2\/types\/product"}],"replies":[{"embeddable":true,"href":"https:\/\/www.astroportal.com\/shop\/wp-json\/wp\/v2\/comments?post=108"}],"wp:featuredmedia":[{"embeddable":true,"href":"https:\/\/www.astroportal.com\/shop\/wp-json\/wp\/v2\/media\/5868"}],"wp:attachment":[{"href":"https:\/\/www.astroportal.com\/shop\/wp-json\/wp\/v2\/media?parent=108"}],"wp:term":[{"taxonomy":"product_cat","embeddable":true,"href":"https:\/\/www.astroportal.com\/shop\/wp-json\/wp\/v2\/product_cat?post=108"},{"taxonomy":"product_tag","embeddable":true,"href":"https:\/\/www.astroportal.com\/shop\/wp-json\/wp\/v2\/product_tag?post=108"}],"curies":[{"name":"wp","href":"https:\/\/api.w.org\/{rel}","templated":true}]}}