{"id":164,"date":"2016-10-01T14:12:49","date_gmt":"2016-10-01T12:12:49","guid":{"rendered":"https:\/\/shop.astroportal.com\/?page_id=164"},"modified":"2018-06-04T10:21:58","modified_gmt":"2018-06-04T08:21:58","slug":"ueber-erich-bauer","status":"publish","type":"page","link":"https:\/\/www.astroportal.com\/shop\/ueber-erich-bauer\/","title":{"rendered":"\u00dcber Erich Bauer"},"content":{"rendered":"<div id=\"center\" class=\"custom grid_13\">\n<p>&nbsp;<\/p>\n<p><strong>ERICH BAUER<br \/>\n<\/strong>Star-Astrologe, Diplompsychologe. Journalist<\/p>\n<p><a href=\"https:\/\/www.astroportal.com\/shop\/wp-content\/uploads\/2016\/10\/erich_Bauer_ueber_mich.png\"><img fetchpriority=\"high\" decoding=\"async\" class=\"size-full wp-image-5694\" src=\"https:\/\/www.astroportal.com\/shop\/wp-content\/uploads\/2016\/10\/erich_Bauer_ueber_mich.png\" alt=\"\u00dcber Erich Bauer\" width=\"350\" height=\"350\" srcset=\"https:\/\/www.astroportal.com\/shop\/wp-content\/uploads\/2016\/10\/erich_Bauer_ueber_mich.png 350w, https:\/\/www.astroportal.com\/shop\/wp-content\/uploads\/2016\/10\/erich_Bauer_ueber_mich-100x100.png 100w, https:\/\/www.astroportal.com\/shop\/wp-content\/uploads\/2016\/10\/erich_Bauer_ueber_mich-340x340.png 340w\" sizes=\"(max-width: 350px) 100vw, 350px\" \/><\/a><\/p>\n<p>Erich Bauer, Diplompsychologe, Heilpraktiker und Astrologe, wurde von der Bild-Zeitung zum Kult-Astrologen ernannt und ist Autor von \u00fcber sechzig B\u00fcchern. Er schreibt Tages-, Monats- und Jahreshoroskope u.a. f\u00fcr Cosmopolitan, Joy, Shape, Friday und Astroportal. Als Chef-Astrologe der weltweit gr\u00f6\u00dften Astro-Zeitung, der Astrowoche, und durch seine regelm\u00e4\u00dfigen Auftritte im Fernsehen und Rundfunk ist er einem breiten Publikum bekannt.<\/p>\n<p>Seine Liebe zur Astrologie begann, als er noch ein Kind war, fasziniert von den lebendigen Lichtern der Nacht. Sein Psychologiestudium schloss er mit der Bestnote ab. Trotzdem hielt es ihn nicht lange im n\u00fcchternen Metier der modernen Psychologie. Ihm\u00a0fehlte die Dimension des Wunderbaren. Zehn Jahre lang arbeitete er als Leiter und Supervisor in mehreren therapeutischen Kliniken f\u00fcr Suchtkranke. Auf Weiterbildungsveranstaltungen in den USA und Indien fasste er endg\u00fcltig den Entschluss, sich ganz der Astrologie zuzuwenden. Es d\u00fcrfte niemanden geben, der sich wie Erich Bauer seit \u00fcber 40 Jahren Tag f\u00fcr Tag so intensiv mit der Magie der Sterne besch\u00e4ftigt.<\/p>\n<p>Erich Bauer erstellt individuelle astrologische Deutungen als Horoskop und bietet auch telefonische Beratung.<\/p>\n<p><strong>VITA<\/strong><\/p>\n<p>Erich Bauer, Diplompsychologe, Heilpraktiker und Autor<\/p>\n<p>18.09.1942, Geboren in Dinkelsb\u00fchl<\/p>\n<p>1965: Diplom in Psychologie<\/p>\n<p>1965 &#8211; 1980: Aufbau und Leitung von Drogenfachkliniken, sp\u00e4ter Supervision. Leitung eines Ausbildungsinstitutes f\u00fcr moderne, psychotherapeutische Verfahren, Fachaustausch mit USA.<\/p>\n<p>Seit 1981: Studium esoterischer Ans\u00e4tze mit Schwerpunkt Tarot und Astrologie. Frei journalistische T\u00e4tigkeit f\u00fcr Zeitung, Rundfunk und TV.<\/p>\n<p>&nbsp;<\/p>\n<p>&nbsp;<\/p>\n<p>Erich Bauer betreibt seit \u00fcber vierzig Jahren eine astrologische Praxis in M\u00fcnchen, erstellt Horoskope und bietet Kurse und Ausbildungen an.<\/p>\n<\/div>\n","protected":false},"excerpt":{"rendered":"<p>&nbsp; ERICH BAUER Star-Astrologe, Diplompsychologe. Journalist Erich Bauer, Diplompsychologe, Heilpraktiker und Astrologe, wurde von der Bild-Zeitung zum Kult-Astrologen ernannt und ist Autor von \u00fcber sechzig B\u00fcchern. Er schreibt Tages-, Monats- und Jahreshoroskope u.a. f\u00fcr Cosmopolitan, Joy, Shape, Friday und Astroportal. Als Chef-Astrologe der weltweit gr\u00f6\u00dften Astro-Zeitung, der Astrowoche, und durch seine regelm\u00e4\u00dfigen Auftritte im Fernsehen [&hellip;]\n","protected":false},"author":1,"featured_media":5694,"parent":0,"menu_order":0,"comment_status":"closed","ping_status":"closed","template":"","meta":{"inline_featured_image":false,"footnotes":""},"class_list":["post-164","page","type-page","status-publish","has-post-thumbnail","hentry"],"_links":{"self":[{"href":"https:\/\/www.astroportal.com\/shop\/wp-json\/wp\/v2\/pages\/164","targetHints":{"allow":["GET"]}}],"collection":[{"href":"https:\/\/www.astroportal.com\/shop\/wp-json\/wp\/v2\/pages"}],"about":[{"href":"https:\/\/www.astroportal.com\/shop\/wp-json\/wp\/v2\/types\/page"}],"author":[{"embeddable":true,"href":"https:\/\/www.astroportal.com\/shop\/wp-json\/wp\/v2\/users\/1"}],"replies":[{"embeddable":true,"href":"https:\/\/www.astroportal.com\/shop\/wp-json\/wp\/v2\/comments?post=164"}],"version-history":[{"count":25,"href":"https:\/\/www.astroportal.com\/shop\/wp-json\/wp\/v2\/pages\/164\/revisions"}],"predecessor-version":[{"id":5707,"href":"https:\/\/www.astroportal.com\/shop\/wp-json\/wp\/v2\/pages\/164\/revisions\/5707"}],"wp:featuredmedia":[{"embeddable":true,"href":"https:\/\/www.astroportal.com\/shop\/wp-json\/wp\/v2\/media\/5694"}],"wp:attachment":[{"href":"https:\/\/www.astroportal.com\/shop\/wp-json\/wp\/v2\/media?parent=164"}],"curies":[{"name":"wp","href":"https:\/\/api.w.org\/{rel}","templated":true}]}}