{"id":152,"date":"2016-09-30T22:49:46","date_gmt":"2016-09-30T20:49:46","guid":{"rendered":"https:\/\/shop.astroportal.com\/?page_id=152"},"modified":"2016-12-04T16:35:23","modified_gmt":"2016-12-04T15:35:23","slug":"allgemeine-geschaeftsbedingungen","status":"publish","type":"page","link":"https:\/\/www.astroportal.com\/shop\/allgemeine-geschaeftsbedingungen\/","title":{"rendered":"Allgemeine Gesch\u00e4ftsbedingungen"},"content":{"rendered":"<div class=\"entry-content\">\n<p class=\"bodytext\">Allgemeine Gesch\u00e4ftsbedingungen (AGB)<br \/>\nvon shop.astroportal.com der\u00a0Masterbrain GmbH<br \/>\nStand: 30. November\u00a02016<\/p>\n<p class=\"bodytext\">AGB f\u00fcr https:\/\/shop.astroportal.com\/<\/p>\n<p><strong>1. Geltungsbereich<br \/>\n<\/strong>F\u00fcr alle Bestellungen \u00fcber unseren Online-Shop gelten die nachfolgenden AGB.<\/p>\n<p><strong>2. Vertragspartner, Vertragsschluss<\/strong><\/p>\n<p>Der Kaufvertrag kommt zustande mit Masterbrain GmbH.<\/p>\n<p>Mit Einstellung der Produkte in den Online-Shop geben wir ein verbindliches Angebot zum Vertragsschluss \u00fcber diese Artikel ab. Der Vertrag kommt zustande, indem Sie durch Anklicken des Bestellbuttons das Angebot \u00fcber die im Warenkorb enthaltenen Waren annehmen. Unmittelbar nach dem Absenden der Bestellung erhalten Sie noch einmal eine Best\u00e4tigung per E-Mail.<\/p>\n<p>Ein bindender Vertrag kann auch bereits zuvor wie folgt zustande kommen:<\/p>\n<ul>\n<li>Wenn Sie die Zahlungsart PayPal gew\u00e4hlt haben, kommt der Vertrag zum Zeitpunkt Ihrer Best\u00e4tigung der Zahlungsanweisung an PayPal zustande.<\/li>\n<\/ul>\n<p><strong><br \/>\n3. Versandkosten<\/strong><br \/>\nZuz\u00fcglich zu den angegebenen Produktpreisen kommen noch Versandkosten hinzu. N\u00e4heres zur H\u00f6he der Versandkosten erfahren Sie bei den Angeboten.<\/p>\n<p><strong><br \/>\n4. Bezahlung<\/strong><br \/>\nIn unserem Shop stehen Ihnen die folgenden Zahlungsarten zur Verf\u00fcgung:<\/p>\n<p><strong><br \/>\n<\/strong>\u2022\u00a0Sofort\u00fcberweisung<br \/>\nBei Auswahl der Zahlungsart Sofort\u00fcberweisung\u00a0liefern die Ware nach Zahlungseingang durchgef\u00fchrt durch Ihr eBanking Ihrer Bank.<\/p>\n<p>\u2022\u00a0Kreditkarte<br \/>\nBei Auswahl der Zahlungsart Kreditkarte\u00a0liefern die Ware nach positiver Best\u00e4tigung\u00a0durchgef\u00fchrt durch Ihr Kreditkarteninstitut.<br \/>\n<strong><br \/>\n<\/strong>\u2022 Paypal<br \/>\nSie bezahlen den Rechnungsbetrag \u00fcber den Online-Anbieter Paypal. Sie m\u00fcssen grunds\u00e4tzlich dort registriert sein bzw. sich erst registrieren, mit Ihren Zugangsdaten legitimieren und die Zahlungsanweisung an uns best\u00e4tigen (Ausnahme ggf. Gastzugang). Weitere Hinweise erhalten Sie beim Bestellvorgang.<\/p>\n<p><strong><br \/>\n5. Selbstabholung<\/strong><br \/>\nWir liefern nur im Versandweg. Eine Selbstabholung der Ware ist leider nicht m\u00f6glich.<\/p>\n<p><strong><br \/>\n6. Eigentumsvorbehalt <\/strong><br \/>\nDie Ware bleibt bis zur vollst\u00e4ndigen Bezahlung unser Eigentum.<\/p>\n<p><strong><br \/>\n7. Transportsch\u00e4den<\/strong><br \/>\nWerden Waren mit offensichtlichen Transportsch\u00e4den angeliefert, so reklamieren Sie solche Fehler bitte m\u00f6glichst sofort beim Zusteller und nehmen Sie bitte unverz\u00fcglich Kontakt zu uns auf. Die Vers\u00e4umung einer Reklamation oder Kontaktaufnahme hat f\u00fcr Ihre gesetzlichen Anspr\u00fcche und deren Durchsetzung, insbesondere Ihre Gew\u00e4hrleistungsrechte keinerlei Konsequenzen. Sie helfen uns aber, unsere eigenen Anspr\u00fcche gegen\u00fcber dem Frachtf\u00fchrer bzw. Transportversicherung geltend machen zu k\u00f6nnen.<\/p>\n<p><strong><br \/>\n8. Gew\u00e4hrleistung und Garantien<\/strong><br \/>\nEs gilt das gesetzliche M\u00e4ngelhaftungsrecht. Informationen zu gegebenenfalls geltenden zus\u00e4tzlichen Garantien und deren genaue Bedingungen finden Sie jeweils beim Produkt und auf besonderen Informationsseiten im Onlineshop.<\/p>\n<p><strong><br \/>\n9. Vertragstextspeicherung<\/strong><br \/>\nWir speichern den Vertragstext und senden Ihnen die Bestelldaten und unsere AGB per E-Mail zu. Die AGB k\u00f6nnen Sie jederzeit auch hier auf dieser Seite einsehen und herunterladen. Ihre vergangenen Bestellungen k\u00f6nnen Sie in unserem Kunden-Login einsehen.<\/p>\n<p><strong><br \/>\n10. Vertragssprache<\/strong><br \/>\nDie f\u00fcr den Vertragsschluss zur Verf\u00fcgung stehende Sprache ist Deutsch.<\/p>\n<\/div>\n","protected":false},"excerpt":{"rendered":"<p>Allgemeine Gesch\u00e4ftsbedingungen (AGB) von shop.astroportal.com der\u00a0Masterbrain GmbH Stand: 30. November\u00a02016 AGB f\u00fcr https:\/\/shop.astroportal.com\/ 1. Geltungsbereich F\u00fcr alle Bestellungen \u00fcber unseren Online-Shop gelten die nachfolgenden AGB. 2. Vertragspartner, Vertragsschluss Der Kaufvertrag kommt zustande mit Masterbrain GmbH. Mit Einstellung der Produkte in den Online-Shop geben wir ein verbindliches Angebot zum Vertragsschluss \u00fcber diese Artikel ab. Der Vertrag [&hellip;]\n","protected":false},"author":1,"featured_media":0,"parent":0,"menu_order":0,"comment_status":"closed","ping_status":"closed","template":"","meta":{"inline_featured_image":false,"footnotes":""},"class_list":["post-152","page","type-page","status-publish","hentry"],"_links":{"self":[{"href":"https:\/\/www.astroportal.com\/shop\/wp-json\/wp\/v2\/pages\/152","targetHints":{"allow":["GET"]}}],"collection":[{"href":"https:\/\/www.astroportal.com\/shop\/wp-json\/wp\/v2\/pages"}],"about":[{"href":"https:\/\/www.astroportal.com\/shop\/wp-json\/wp\/v2\/types\/page"}],"author":[{"embeddable":true,"href":"https:\/\/www.astroportal.com\/shop\/wp-json\/wp\/v2\/users\/1"}],"replies":[{"embeddable":true,"href":"https:\/\/www.astroportal.com\/shop\/wp-json\/wp\/v2\/comments?post=152"}],"version-history":[{"count":10,"href":"https:\/\/www.astroportal.com\/shop\/wp-json\/wp\/v2\/pages\/152\/revisions"}],"predecessor-version":[{"id":394,"href":"https:\/\/www.astroportal.com\/shop\/wp-json\/wp\/v2\/pages\/152\/revisions\/394"}],"wp:attachment":[{"href":"https:\/\/www.astroportal.com\/shop\/wp-json\/wp\/v2\/media?parent=152"}],"curies":[{"name":"wp","href":"https:\/\/api.w.org\/{rel}","templated":true}]}}